{"id":18,"date":"2025-05-22T06:38:38","date_gmt":"2025-05-22T06:38:38","guid":{"rendered":"https:\/\/alejandrosantoyo.es\/?page_id=18"},"modified":"2025-06-05T06:15:51","modified_gmt":"2025-06-05T06:15:51","slug":"sobe-mi","status":"publish","type":"page","link":"https:\/\/alejandrosantoyo.es\/?page_id=18","title":{"rendered":"SOBRE M\u00cd"},"content":{"rendered":"<div class=\"wp-block-image is-style-rounded\"><figure class=\"alignleft is-resized\"><img loading=\"lazy\" decoding=\"async\" width=\"264\" height=\"300\" src=\"https:\/\/alejandrosantoyo.es\/wp-content\/uploads\/2025\/05\/Captura-264x300.jpg\" alt=\"\" class=\"wp-image-40\" style=\"width:327px;height:auto\" srcset=\"https:\/\/alejandrosantoyo.es\/wp-content\/uploads\/2025\/05\/Captura-264x300.jpg 264w, https:\/\/alejandrosantoyo.es\/wp-content\/uploads\/2025\/05\/Captura.jpg 446w\" sizes=\"auto, (max-width: 264px) 100vw, 264px\" \/><\/figure><\/div><p>Nac\u00ed en Albacete hace veinticinco a\u00f1os. Me he formado como <strong>fot\u00f3grafo <\/strong>en la Escuela Superior de Dise\u00f1o de Valencia y en la Escuela de Arte de Albacete.<\/p><p>He trabajado en diversos \u00e1mbitos del mundo de la<strong> fotograf\u00eda y del audiovisual<\/strong>. En el campo de la<strong> fotograf\u00eda editorial <\/strong>he realizado fotograf\u00edas de cat\u00e1logo para diversos pintores; portadas y fotograf\u00edas promocionales para m\u00fasicos. Tambi\u00e9n he trabajado en el departamento de fotograf\u00eda fija y making-of en TV y he cubierto multitud de conciertos en directo.<\/p><p>Mi obra ha sido seleccionada y expuesta en diversos premios y cert\u00e1menes como la Muestra de Arte Joven en La Rioa, Bienal de Val\u00e8ncia Ciutat Vella Oberta, Festival Photoalicante, Festival Maldito de Videopoes\u00eda, Premio Internacional Rafael Ramos (Tenerife), XV Bienal de Artes Pl\u00e1sticas Ciudad de Albacete, etc. He sido jurado joven en festivales como Abycine y Cinema Jove.<\/p><p>En el \u00e1mbito musical he publicado varios discos (disponibles en plataformas y formato f\u00edsico) y realizado giras por toda la geograf\u00eda espa\u00f1ola desde la publicaci\u00f3n de mi primer disco: \u00abAlquitr\u00e1n y espinas\u00bb, en 2018. Mi \u00faltimo trabajo discogr\u00e1fico es \u00abEl coraz\u00f3n es un \u00f3rgano de fuego\u00bb, publicado en 2022. Tambi\u00e9n he girado y publicado cinco discos m\u00e1s junto a Honky Tonky S\u00e1nchez, Gerba Monkey y Padre Jornimans.<\/p><p>&nbsp;<\/p><figure class=\"wp-block-image alignwide size-large is-style-rounded\"><img loading=\"lazy\" decoding=\"async\" width=\"1024\" height=\"683\" src=\"https:\/\/alejandrosantoyo.es\/wp-content\/uploads\/2025\/06\/en-BIENAL-DE-VLC-2023-1024x683.jpg\" alt=\"\" class=\"wp-image-129\" srcset=\"https:\/\/alejandrosantoyo.es\/wp-content\/uploads\/2025\/06\/en-BIENAL-DE-VLC-2023-1024x683.jpg 1024w, https:\/\/alejandrosantoyo.es\/wp-content\/uploads\/2025\/06\/en-BIENAL-DE-VLC-2023-300x200.jpg 300w, https:\/\/alejandrosantoyo.es\/wp-content\/uploads\/2025\/06\/en-BIENAL-DE-VLC-2023-768x512.jpg 768w, https:\/\/alejandrosantoyo.es\/wp-content\/uploads\/2025\/06\/en-BIENAL-DE-VLC-2023-1536x1024.jpg 1536w, https:\/\/alejandrosantoyo.es\/wp-content\/uploads\/2025\/06\/en-BIENAL-DE-VLC-2023-600x400.jpg 600w, https:\/\/alejandrosantoyo.es\/wp-content\/uploads\/2025\/06\/en-BIENAL-DE-VLC-2023.jpg 2048w\" sizes=\"auto, (max-width: 1024px) 100vw, 1024px\" \/><figcaption class=\"wp-element-caption\">Bienal de Val\u00e8ncia Ciutat Vella Oberta 2023 \/ Foto: C. Felipe<\/figcaption><\/figure><figure class=\"wp-block-image alignwide size-large is-style-rounded\"><img loading=\"lazy\" decoding=\"async\" width=\"1024\" height=\"683\" src=\"https:\/\/alejandrosantoyo.es\/wp-content\/uploads\/2025\/06\/484822220_9420342568011955_4783544960783789777_n-1024x683.jpg\" alt=\"\" class=\"wp-image-127\" srcset=\"https:\/\/alejandrosantoyo.es\/wp-content\/uploads\/2025\/06\/484822220_9420342568011955_4783544960783789777_n-1024x683.jpg 1024w, https:\/\/alejandrosantoyo.es\/wp-content\/uploads\/2025\/06\/484822220_9420342568011955_4783544960783789777_n-300x200.jpg 300w, https:\/\/alejandrosantoyo.es\/wp-content\/uploads\/2025\/06\/484822220_9420342568011955_4783544960783789777_n-768x512.jpg 768w, https:\/\/alejandrosantoyo.es\/wp-content\/uploads\/2025\/06\/484822220_9420342568011955_4783544960783789777_n-1536x1024.jpg 1536w, https:\/\/alejandrosantoyo.es\/wp-content\/uploads\/2025\/06\/484822220_9420342568011955_4783544960783789777_n-600x400.jpg 600w, https:\/\/alejandrosantoyo.es\/wp-content\/uploads\/2025\/06\/484822220_9420342568011955_4783544960783789777_n.jpg 2048w\" sizes=\"auto, (max-width: 1024px) 100vw, 1024px\" \/><figcaption class=\"wp-element-caption\">Gira de presentaci\u00f3n de \u00abEl coraz\u00f3n es un \u00f3rgano de fuego\u00bb \/ Foto: A.Valle<\/figcaption><\/figure><p><\/p>","protected":false},"excerpt":{"rendered":"<p>Nac\u00ed en Albacete hace veinticinco a\u00f1os. Me he formado como fot\u00f3grafo en la Escuela Superior de Dise\u00f1o de Valencia y en la Escuela de Arte de Albacete. He trabajado en diversos \u00e1mbitos del mundo de la fotograf\u00eda y del audiovisual. En el campo de la [&hellip;]<\/p>\n","protected":false},"author":1,"featured_media":0,"parent":0,"menu_order":0,"comment_status":"closed","ping_status":"closed","template":"","meta":{"_uag_custom_page_level_css":"","footnotes":""},"class_list":["post-18","page","type-page","status-publish","hentry"],"yoast_head":"<!-- This site is optimized with the Yoast SEO plugin v25.0 - https:\/\/yoast.com\/wordpress\/plugins\/seo\/ -->\n<title>SOBRE M\u00cd - ALEJANDRO SANTOYO<\/title>\n<meta name=\"robots\" content=\"index, follow, max-snippet:-1, max-image-preview:large, max-video-preview:-1\" \/>\n<link rel=\"canonical\" href=\"https:\/\/alejandrosantoyo.es\/?page_id=18\" \/>\n<meta property=\"og:locale\" content=\"es_ES\" \/>\n<meta property=\"og:type\" content=\"article\" \/>\n<meta property=\"og:title\" content=\"SOBRE M\u00cd - ALEJANDRO SANTOYO\" \/>\n<meta property=\"og:description\" content=\"Nac\u00ed en Albacete hace veinticinco a\u00f1os. Me he formado como fot\u00f3grafo en la Escuela Superior de Dise\u00f1o de Valencia y en la Escuela de Arte de Albacete. He trabajado en diversos \u00e1mbitos del mundo de la fotograf\u00eda y del audiovisual. En el campo de la [&hellip;]\" \/>\n<meta property=\"og:url\" content=\"https:\/\/alejandrosantoyo.es\/?page_id=18\" \/>\n<meta property=\"og:site_name\" content=\"ALEJANDRO SANTOYO\" \/>\n<meta property=\"article:modified_time\" content=\"2025-06-05T06:15:51+00:00\" \/>\n<meta property=\"og:image\" content=\"https:\/\/alejandrosantoyo.es\/wp-content\/uploads\/2025\/05\/Captura.jpg\" \/>\n\t<meta property=\"og:image:width\" content=\"446\" \/>\n\t<meta property=\"og:image:height\" content=\"507\" \/>\n\t<meta property=\"og:image:type\" content=\"image\/jpeg\" \/>\n<meta name=\"twitter:card\" content=\"summary_large_image\" \/>\n<meta name=\"twitter:label1\" content=\"Tiempo de lectura\" \/>\n\t<meta name=\"twitter:data1\" content=\"2 minutos\" \/>\n<script type=\"application\/ld+json\" class=\"yoast-schema-graph\">{\"@context\":\"https:\/\/schema.org\",\"@graph\":[{\"@type\":\"WebPage\",\"@id\":\"https:\/\/alejandrosantoyo.es\/?page_id=18\",\"url\":\"https:\/\/alejandrosantoyo.es\/?page_id=18\",\"name\":\"SOBRE M\u00cd - ALEJANDRO SANTOYO\",\"isPartOf\":{\"@id\":\"https:\/\/alejandrosantoyo.es\/#website\"},\"primaryImageOfPage\":{\"@id\":\"https:\/\/alejandrosantoyo.es\/?page_id=18#primaryimage\"},\"image\":{\"@id\":\"https:\/\/alejandrosantoyo.es\/?page_id=18#primaryimage\"},\"thumbnailUrl\":\"https:\/\/alejandrosantoyo.es\/wp-content\/uploads\/2025\/05\/Captura-264x300.jpg\",\"datePublished\":\"2025-05-22T06:38:38+00:00\",\"dateModified\":\"2025-06-05T06:15:51+00:00\",\"breadcrumb\":{\"@id\":\"https:\/\/alejandrosantoyo.es\/?page_id=18#breadcrumb\"},\"inLanguage\":\"es\",\"potentialAction\":[{\"@type\":\"ReadAction\",\"target\":[\"https:\/\/alejandrosantoyo.es\/?page_id=18\"]}]},{\"@type\":\"ImageObject\",\"inLanguage\":\"es\",\"@id\":\"https:\/\/alejandrosantoyo.es\/?page_id=18#primaryimage\",\"url\":\"https:\/\/alejandrosantoyo.es\/wp-content\/uploads\/2025\/05\/Captura.jpg\",\"contentUrl\":\"https:\/\/alejandrosantoyo.es\/wp-content\/uploads\/2025\/05\/Captura.jpg\",\"width\":446,\"height\":507},{\"@type\":\"BreadcrumbList\",\"@id\":\"https:\/\/alejandrosantoyo.es\/?page_id=18#breadcrumb\",\"itemListElement\":[{\"@type\":\"ListItem\",\"position\":1,\"name\":\"Portada\",\"item\":\"https:\/\/alejandrosantoyo.es\/\"},{\"@type\":\"ListItem\",\"position\":2,\"name\":\"SOBRE M\u00cd\"}]},{\"@type\":\"WebSite\",\"@id\":\"https:\/\/alejandrosantoyo.es\/#website\",\"url\":\"https:\/\/alejandrosantoyo.es\/\",\"name\":\"ALEJANDRO SANTOYO\",\"description\":\"\",\"publisher\":{\"@id\":\"https:\/\/alejandrosantoyo.es\/#organization\"},\"potentialAction\":[{\"@type\":\"SearchAction\",\"target\":{\"@type\":\"EntryPoint\",\"urlTemplate\":\"https:\/\/alejandrosantoyo.es\/?s={search_term_string}\"},\"query-input\":{\"@type\":\"PropertyValueSpecification\",\"valueRequired\":true,\"valueName\":\"search_term_string\"}}],\"inLanguage\":\"es\"},{\"@type\":\"Organization\",\"@id\":\"https:\/\/alejandrosantoyo.es\/#organization\",\"name\":\"ALEJANDRO SANTOYO\",\"url\":\"https:\/\/alejandrosantoyo.es\/\",\"logo\":{\"@type\":\"ImageObject\",\"inLanguage\":\"es\",\"@id\":\"https:\/\/alejandrosantoyo.es\/#\/schema\/logo\/image\/\",\"url\":\"https:\/\/alejandrosantoyo.es\/wp-content\/uploads\/2025\/06\/cropped-rombo-1.png\",\"contentUrl\":\"https:\/\/alejandrosantoyo.es\/wp-content\/uploads\/2025\/06\/cropped-rombo-1.png\",\"width\":1417,\"height\":1417,\"caption\":\"ALEJANDRO SANTOYO\"},\"image\":{\"@id\":\"https:\/\/alejandrosantoyo.es\/#\/schema\/logo\/image\/\"}}]}<\/script>\n<!-- \/ Yoast SEO plugin. -->","yoast_head_json":{"title":"SOBRE M\u00cd - ALEJANDRO SANTOYO","robots":{"index":"index","follow":"follow","max-snippet":"max-snippet:-1","max-image-preview":"max-image-preview:large","max-video-preview":"max-video-preview:-1"},"canonical":"https:\/\/alejandrosantoyo.es\/?page_id=18","og_locale":"es_ES","og_type":"article","og_title":"SOBRE M\u00cd - ALEJANDRO SANTOYO","og_description":"Nac\u00ed en Albacete hace veinticinco a\u00f1os. Me he formado como fot\u00f3grafo en la Escuela Superior de Dise\u00f1o de Valencia y en la Escuela de Arte de Albacete. He trabajado en diversos \u00e1mbitos del mundo de la fotograf\u00eda y del audiovisual. En el campo de la [&hellip;]","og_url":"https:\/\/alejandrosantoyo.es\/?page_id=18","og_site_name":"ALEJANDRO SANTOYO","article_modified_time":"2025-06-05T06:15:51+00:00","og_image":[{"width":446,"height":507,"url":"https:\/\/alejandrosantoyo.es\/wp-content\/uploads\/2025\/05\/Captura.jpg","type":"image\/jpeg"}],"twitter_card":"summary_large_image","twitter_misc":{"Tiempo de lectura":"2 minutos"},"schema":{"@context":"https:\/\/schema.org","@graph":[{"@type":"WebPage","@id":"https:\/\/alejandrosantoyo.es\/?page_id=18","url":"https:\/\/alejandrosantoyo.es\/?page_id=18","name":"SOBRE M\u00cd - ALEJANDRO SANTOYO","isPartOf":{"@id":"https:\/\/alejandrosantoyo.es\/#website"},"primaryImageOfPage":{"@id":"https:\/\/alejandrosantoyo.es\/?page_id=18#primaryimage"},"image":{"@id":"https:\/\/alejandrosantoyo.es\/?page_id=18#primaryimage"},"thumbnailUrl":"https:\/\/alejandrosantoyo.es\/wp-content\/uploads\/2025\/05\/Captura-264x300.jpg","datePublished":"2025-05-22T06:38:38+00:00","dateModified":"2025-06-05T06:15:51+00:00","breadcrumb":{"@id":"https:\/\/alejandrosantoyo.es\/?page_id=18#breadcrumb"},"inLanguage":"es","potentialAction":[{"@type":"ReadAction","target":["https:\/\/alejandrosantoyo.es\/?page_id=18"]}]},{"@type":"ImageObject","inLanguage":"es","@id":"https:\/\/alejandrosantoyo.es\/?page_id=18#primaryimage","url":"https:\/\/alejandrosantoyo.es\/wp-content\/uploads\/2025\/05\/Captura.jpg","contentUrl":"https:\/\/alejandrosantoyo.es\/wp-content\/uploads\/2025\/05\/Captura.jpg","width":446,"height":507},{"@type":"BreadcrumbList","@id":"https:\/\/alejandrosantoyo.es\/?page_id=18#breadcrumb","itemListElement":[{"@type":"ListItem","position":1,"name":"Portada","item":"https:\/\/alejandrosantoyo.es\/"},{"@type":"ListItem","position":2,"name":"SOBRE M\u00cd"}]},{"@type":"WebSite","@id":"https:\/\/alejandrosantoyo.es\/#website","url":"https:\/\/alejandrosantoyo.es\/","name":"ALEJANDRO SANTOYO","description":"","publisher":{"@id":"https:\/\/alejandrosantoyo.es\/#organization"},"potentialAction":[{"@type":"SearchAction","target":{"@type":"EntryPoint","urlTemplate":"https:\/\/alejandrosantoyo.es\/?s={search_term_string}"},"query-input":{"@type":"PropertyValueSpecification","valueRequired":true,"valueName":"search_term_string"}}],"inLanguage":"es"},{"@type":"Organization","@id":"https:\/\/alejandrosantoyo.es\/#organization","name":"ALEJANDRO SANTOYO","url":"https:\/\/alejandrosantoyo.es\/","logo":{"@type":"ImageObject","inLanguage":"es","@id":"https:\/\/alejandrosantoyo.es\/#\/schema\/logo\/image\/","url":"https:\/\/alejandrosantoyo.es\/wp-content\/uploads\/2025\/06\/cropped-rombo-1.png","contentUrl":"https:\/\/alejandrosantoyo.es\/wp-content\/uploads\/2025\/06\/cropped-rombo-1.png","width":1417,"height":1417,"caption":"ALEJANDRO SANTOYO"},"image":{"@id":"https:\/\/alejandrosantoyo.es\/#\/schema\/logo\/image\/"}}]}},"uagb_featured_image_src":{"full":false,"thumbnail":false,"medium":false,"medium_large":false,"large":false,"1536x1536":false,"2048x2048":false,"woocommerce_thumbnail":false,"woocommerce_single":false,"woocommerce_gallery_thumbnail":false},"uagb_author_info":{"display_name":"admin","author_link":"https:\/\/alejandrosantoyo.es\/?author=1"},"uagb_comment_info":0,"uagb_excerpt":"Nac\u00ed en Albacete hace veinticinco a\u00f1os. Me he formado como fot\u00f3grafo en la Escuela Superior de Dise\u00f1o de Valencia y en la Escuela de Arte de Albacete. He trabajado en diversos \u00e1mbitos del mundo de la fotograf\u00eda y del audiovisual. En el campo de la [&hellip;]","_links":{"self":[{"href":"https:\/\/alejandrosantoyo.es\/index.php?rest_route=\/wp\/v2\/pages\/18","targetHints":{"allow":["GET"]}}],"collection":[{"href":"https:\/\/alejandrosantoyo.es\/index.php?rest_route=\/wp\/v2\/pages"}],"about":[{"href":"https:\/\/alejandrosantoyo.es\/index.php?rest_route=\/wp\/v2\/types\/page"}],"author":[{"embeddable":true,"href":"https:\/\/alejandrosantoyo.es\/index.php?rest_route=\/wp\/v2\/users\/1"}],"replies":[{"embeddable":true,"href":"https:\/\/alejandrosantoyo.es\/index.php?rest_route=%2Fwp%2Fv2%2Fcomments&post=18"}],"version-history":[{"count":12,"href":"https:\/\/alejandrosantoyo.es\/index.php?rest_route=\/wp\/v2\/pages\/18\/revisions"}],"predecessor-version":[{"id":134,"href":"https:\/\/alejandrosantoyo.es\/index.php?rest_route=\/wp\/v2\/pages\/18\/revisions\/134"}],"wp:attachment":[{"href":"https:\/\/alejandrosantoyo.es\/index.php?rest_route=%2Fwp%2Fv2%2Fmedia&parent=18"}],"curies":[{"name":"wp","href":"https:\/\/api.w.org\/{rel}","templated":true}]}}