{"id":10,"date":"2025-05-27T10:31:28","date_gmt":"2025-05-27T10:31:28","guid":{"rendered":"https:\/\/alejandrosantoyo.es\/?page_id=10"},"modified":"2025-06-05T06:26:57","modified_gmt":"2025-06-05T06:26:57","slug":"reembolso_devoluciones","status":"publish","type":"page","link":"https:\/\/alejandrosantoyo.es\/?page_id=10","title":{"rendered":"M\u00daSICOS"},"content":{"rendered":"<div class=\"wp-block-image is-style-rounded\"><figure class=\"aligncenter size-full is-resized\"><img decoding=\"async\" src=\"https:\/\/alejandrosantoyo.es\/wp-content\/uploads\/2025\/06\/01_Santoyo.jpg\" alt=\"\" class=\"wp-image-143\" style=\"width:662px;height:auto\"\/><figcaption class=\"wp-element-caption\">Surfin Bichos \/ Mercromina<\/figcaption><\/figure><\/div><p class=\"has-grey-color has-text-color has-link-color has-larger-font-size wp-elements-057127a146a350f7023e914c665e0efe\">Mi trabajo como fot\u00f3grafo de directo y en giras acompa\u00f1ando a diversas bandas y tambi\u00e9n realizando fotograf\u00edas en directo dentro de programaci\u00f3n en sala. <\/p><div class=\"wp-block-image is-style-rounded\"><figure class=\"aligncenter size-large is-resized\"><img loading=\"lazy\" decoding=\"async\" width=\"1024\" height=\"683\" src=\"https:\/\/alejandrosantoyo.es\/wp-content\/uploads\/2025\/06\/490342251_9568043153241895_7046511926964720064_n-1-1024x683.jpg\" alt=\"\" class=\"wp-image-144\" style=\"width:696px;height:auto\" srcset=\"https:\/\/alejandrosantoyo.es\/wp-content\/uploads\/2025\/06\/490342251_9568043153241895_7046511926964720064_n-1-1024x683.jpg 1024w, https:\/\/alejandrosantoyo.es\/wp-content\/uploads\/2025\/06\/490342251_9568043153241895_7046511926964720064_n-1-300x200.jpg 300w, https:\/\/alejandrosantoyo.es\/wp-content\/uploads\/2025\/06\/490342251_9568043153241895_7046511926964720064_n-1-768x512.jpg 768w, https:\/\/alejandrosantoyo.es\/wp-content\/uploads\/2025\/06\/490342251_9568043153241895_7046511926964720064_n-1-1536x1024.jpg 1536w, https:\/\/alejandrosantoyo.es\/wp-content\/uploads\/2025\/06\/490342251_9568043153241895_7046511926964720064_n-1-600x400.jpg 600w, https:\/\/alejandrosantoyo.es\/wp-content\/uploads\/2025\/06\/490342251_9568043153241895_7046511926964720064_n-1.jpg 2048w\" sizes=\"auto, (max-width: 1024px) 100vw, 1024px\" \/><figcaption class=\"wp-element-caption\">Clacowski<\/figcaption><\/figure><\/div><p><\/p>","protected":false},"excerpt":{"rendered":"<p>Mi trabajo como fot\u00f3grafo de directo y en giras acompa\u00f1ando a diversas bandas y tambi\u00e9n realizando fotograf\u00edas en directo dentro de programaci\u00f3n en sala.<\/p>\n","protected":false},"author":1,"featured_media":0,"parent":0,"menu_order":0,"comment_status":"closed","ping_status":"closed","template":"","meta":{"_uag_custom_page_level_css":"","footnotes":""},"class_list":["post-10","page","type-page","status-publish","hentry"],"yoast_head":"<!-- This site is optimized with the Yoast SEO plugin v25.0 - https:\/\/yoast.com\/wordpress\/plugins\/seo\/ -->\n<title>M\u00daSICOS - ALEJANDRO SANTOYO<\/title>\n<meta name=\"robots\" content=\"index, follow, max-snippet:-1, max-image-preview:large, max-video-preview:-1\" \/>\n<link rel=\"canonical\" href=\"https:\/\/alejandrosantoyo.es\/?page_id=10\" \/>\n<meta property=\"og:locale\" content=\"es_ES\" \/>\n<meta property=\"og:type\" content=\"article\" \/>\n<meta property=\"og:title\" content=\"M\u00daSICOS - ALEJANDRO SANTOYO\" \/>\n<meta property=\"og:description\" content=\"Mi trabajo como fot\u00f3grafo de directo y en giras acompa\u00f1ando a diversas bandas y tambi\u00e9n realizando fotograf\u00edas en directo dentro de programaci\u00f3n en sala.\" \/>\n<meta property=\"og:url\" content=\"https:\/\/alejandrosantoyo.es\/?page_id=10\" \/>\n<meta property=\"og:site_name\" content=\"ALEJANDRO SANTOYO\" \/>\n<meta property=\"article:modified_time\" content=\"2025-06-05T06:26:57+00:00\" \/>\n<meta property=\"og:image\" content=\"https:\/\/alejandrosantoyo.es\/wp-content\/uploads\/2025\/06\/01_Santoyo.jpg\" \/>\n\t<meta property=\"og:image:width\" content=\"1\" \/>\n\t<meta property=\"og:image:height\" content=\"1\" \/>\n\t<meta property=\"og:image:type\" content=\"image\/jpeg\" \/>\n<meta name=\"twitter:card\" content=\"summary_large_image\" \/>\n<meta name=\"twitter:label1\" content=\"Tiempo de lectura\" \/>\n\t<meta name=\"twitter:data1\" content=\"1 minuto\" \/>\n<script type=\"application\/ld+json\" class=\"yoast-schema-graph\">{\"@context\":\"https:\/\/schema.org\",\"@graph\":[{\"@type\":\"WebPage\",\"@id\":\"https:\/\/alejandrosantoyo.es\/?page_id=10\",\"url\":\"https:\/\/alejandrosantoyo.es\/?page_id=10\",\"name\":\"M\u00daSICOS - ALEJANDRO SANTOYO\",\"isPartOf\":{\"@id\":\"https:\/\/alejandrosantoyo.es\/#website\"},\"primaryImageOfPage\":{\"@id\":\"https:\/\/alejandrosantoyo.es\/?page_id=10#primaryimage\"},\"image\":{\"@id\":\"https:\/\/alejandrosantoyo.es\/?page_id=10#primaryimage\"},\"thumbnailUrl\":\"https:\/\/alejandrosantoyo.es\/wp-content\/uploads\/2025\/06\/01_Santoyo.jpg\",\"datePublished\":\"2025-05-27T10:31:28+00:00\",\"dateModified\":\"2025-06-05T06:26:57+00:00\",\"breadcrumb\":{\"@id\":\"https:\/\/alejandrosantoyo.es\/?page_id=10#breadcrumb\"},\"inLanguage\":\"es\",\"potentialAction\":[{\"@type\":\"ReadAction\",\"target\":[\"https:\/\/alejandrosantoyo.es\/?page_id=10\"]}]},{\"@type\":\"ImageObject\",\"inLanguage\":\"es\",\"@id\":\"https:\/\/alejandrosantoyo.es\/?page_id=10#primaryimage\",\"url\":\"https:\/\/alejandrosantoyo.es\/wp-content\/uploads\/2025\/06\/01_Santoyo.jpg\",\"contentUrl\":\"https:\/\/alejandrosantoyo.es\/wp-content\/uploads\/2025\/06\/01_Santoyo.jpg\"},{\"@type\":\"BreadcrumbList\",\"@id\":\"https:\/\/alejandrosantoyo.es\/?page_id=10#breadcrumb\",\"itemListElement\":[{\"@type\":\"ListItem\",\"position\":1,\"name\":\"Portada\",\"item\":\"https:\/\/alejandrosantoyo.es\/\"},{\"@type\":\"ListItem\",\"position\":2,\"name\":\"M\u00daSICOS\"}]},{\"@type\":\"WebSite\",\"@id\":\"https:\/\/alejandrosantoyo.es\/#website\",\"url\":\"https:\/\/alejandrosantoyo.es\/\",\"name\":\"ALEJANDRO SANTOYO\",\"description\":\"\",\"publisher\":{\"@id\":\"https:\/\/alejandrosantoyo.es\/#organization\"},\"potentialAction\":[{\"@type\":\"SearchAction\",\"target\":{\"@type\":\"EntryPoint\",\"urlTemplate\":\"https:\/\/alejandrosantoyo.es\/?s={search_term_string}\"},\"query-input\":{\"@type\":\"PropertyValueSpecification\",\"valueRequired\":true,\"valueName\":\"search_term_string\"}}],\"inLanguage\":\"es\"},{\"@type\":\"Organization\",\"@id\":\"https:\/\/alejandrosantoyo.es\/#organization\",\"name\":\"ALEJANDRO SANTOYO\",\"url\":\"https:\/\/alejandrosantoyo.es\/\",\"logo\":{\"@type\":\"ImageObject\",\"inLanguage\":\"es\",\"@id\":\"https:\/\/alejandrosantoyo.es\/#\/schema\/logo\/image\/\",\"url\":\"https:\/\/alejandrosantoyo.es\/wp-content\/uploads\/2025\/06\/cropped-rombo-1.png\",\"contentUrl\":\"https:\/\/alejandrosantoyo.es\/wp-content\/uploads\/2025\/06\/cropped-rombo-1.png\",\"width\":1417,\"height\":1417,\"caption\":\"ALEJANDRO SANTOYO\"},\"image\":{\"@id\":\"https:\/\/alejandrosantoyo.es\/#\/schema\/logo\/image\/\"}}]}<\/script>\n<!-- \/ Yoast SEO plugin. -->","yoast_head_json":{"title":"M\u00daSICOS - ALEJANDRO SANTOYO","robots":{"index":"index","follow":"follow","max-snippet":"max-snippet:-1","max-image-preview":"max-image-preview:large","max-video-preview":"max-video-preview:-1"},"canonical":"https:\/\/alejandrosantoyo.es\/?page_id=10","og_locale":"es_ES","og_type":"article","og_title":"M\u00daSICOS - ALEJANDRO SANTOYO","og_description":"Mi trabajo como fot\u00f3grafo de directo y en giras acompa\u00f1ando a diversas bandas y tambi\u00e9n realizando fotograf\u00edas en directo dentro de programaci\u00f3n en sala.","og_url":"https:\/\/alejandrosantoyo.es\/?page_id=10","og_site_name":"ALEJANDRO SANTOYO","article_modified_time":"2025-06-05T06:26:57+00:00","og_image":[{"url":"https:\/\/alejandrosantoyo.es\/wp-content\/uploads\/2025\/06\/01_Santoyo.jpg","width":1,"height":1,"type":"image\/jpeg"}],"twitter_card":"summary_large_image","twitter_misc":{"Tiempo de lectura":"1 minuto"},"schema":{"@context":"https:\/\/schema.org","@graph":[{"@type":"WebPage","@id":"https:\/\/alejandrosantoyo.es\/?page_id=10","url":"https:\/\/alejandrosantoyo.es\/?page_id=10","name":"M\u00daSICOS - ALEJANDRO SANTOYO","isPartOf":{"@id":"https:\/\/alejandrosantoyo.es\/#website"},"primaryImageOfPage":{"@id":"https:\/\/alejandrosantoyo.es\/?page_id=10#primaryimage"},"image":{"@id":"https:\/\/alejandrosantoyo.es\/?page_id=10#primaryimage"},"thumbnailUrl":"https:\/\/alejandrosantoyo.es\/wp-content\/uploads\/2025\/06\/01_Santoyo.jpg","datePublished":"2025-05-27T10:31:28+00:00","dateModified":"2025-06-05T06:26:57+00:00","breadcrumb":{"@id":"https:\/\/alejandrosantoyo.es\/?page_id=10#breadcrumb"},"inLanguage":"es","potentialAction":[{"@type":"ReadAction","target":["https:\/\/alejandrosantoyo.es\/?page_id=10"]}]},{"@type":"ImageObject","inLanguage":"es","@id":"https:\/\/alejandrosantoyo.es\/?page_id=10#primaryimage","url":"https:\/\/alejandrosantoyo.es\/wp-content\/uploads\/2025\/06\/01_Santoyo.jpg","contentUrl":"https:\/\/alejandrosantoyo.es\/wp-content\/uploads\/2025\/06\/01_Santoyo.jpg"},{"@type":"BreadcrumbList","@id":"https:\/\/alejandrosantoyo.es\/?page_id=10#breadcrumb","itemListElement":[{"@type":"ListItem","position":1,"name":"Portada","item":"https:\/\/alejandrosantoyo.es\/"},{"@type":"ListItem","position":2,"name":"M\u00daSICOS"}]},{"@type":"WebSite","@id":"https:\/\/alejandrosantoyo.es\/#website","url":"https:\/\/alejandrosantoyo.es\/","name":"ALEJANDRO SANTOYO","description":"","publisher":{"@id":"https:\/\/alejandrosantoyo.es\/#organization"},"potentialAction":[{"@type":"SearchAction","target":{"@type":"EntryPoint","urlTemplate":"https:\/\/alejandrosantoyo.es\/?s={search_term_string}"},"query-input":{"@type":"PropertyValueSpecification","valueRequired":true,"valueName":"search_term_string"}}],"inLanguage":"es"},{"@type":"Organization","@id":"https:\/\/alejandrosantoyo.es\/#organization","name":"ALEJANDRO SANTOYO","url":"https:\/\/alejandrosantoyo.es\/","logo":{"@type":"ImageObject","inLanguage":"es","@id":"https:\/\/alejandrosantoyo.es\/#\/schema\/logo\/image\/","url":"https:\/\/alejandrosantoyo.es\/wp-content\/uploads\/2025\/06\/cropped-rombo-1.png","contentUrl":"https:\/\/alejandrosantoyo.es\/wp-content\/uploads\/2025\/06\/cropped-rombo-1.png","width":1417,"height":1417,"caption":"ALEJANDRO SANTOYO"},"image":{"@id":"https:\/\/alejandrosantoyo.es\/#\/schema\/logo\/image\/"}}]}},"uagb_featured_image_src":{"full":false,"thumbnail":false,"medium":false,"medium_large":false,"large":false,"1536x1536":false,"2048x2048":false,"woocommerce_thumbnail":false,"woocommerce_single":false,"woocommerce_gallery_thumbnail":false},"uagb_author_info":{"display_name":"admin","author_link":"https:\/\/alejandrosantoyo.es\/?author=1"},"uagb_comment_info":0,"uagb_excerpt":"Mi trabajo como fot\u00f3grafo de directo y en giras acompa\u00f1ando a diversas bandas y tambi\u00e9n realizando fotograf\u00edas en directo dentro de programaci\u00f3n en sala.","_links":{"self":[{"href":"https:\/\/alejandrosantoyo.es\/index.php?rest_route=\/wp\/v2\/pages\/10","targetHints":{"allow":["GET"]}}],"collection":[{"href":"https:\/\/alejandrosantoyo.es\/index.php?rest_route=\/wp\/v2\/pages"}],"about":[{"href":"https:\/\/alejandrosantoyo.es\/index.php?rest_route=\/wp\/v2\/types\/page"}],"author":[{"embeddable":true,"href":"https:\/\/alejandrosantoyo.es\/index.php?rest_route=\/wp\/v2\/users\/1"}],"replies":[{"embeddable":true,"href":"https:\/\/alejandrosantoyo.es\/index.php?rest_route=%2Fwp%2Fv2%2Fcomments&post=10"}],"version-history":[{"count":8,"href":"https:\/\/alejandrosantoyo.es\/index.php?rest_route=\/wp\/v2\/pages\/10\/revisions"}],"predecessor-version":[{"id":150,"href":"https:\/\/alejandrosantoyo.es\/index.php?rest_route=\/wp\/v2\/pages\/10\/revisions\/150"}],"wp:attachment":[{"href":"https:\/\/alejandrosantoyo.es\/index.php?rest_route=%2Fwp%2Fv2%2Fmedia&parent=10"}],"curies":[{"name":"wp","href":"https:\/\/api.w.org\/{rel}","templated":true}]}}